{"id":9,"date":"2023-08-07T09:46:20","date_gmt":"2023-08-07T07:46:20","guid":{"rendered":"https:\/\/maison-de-l-atlantique.fr\/?page_id=9"},"modified":"2023-08-07T10:36:53","modified_gmt":"2023-08-07T08:36:53","slug":"a-propos-de","status":"publish","type":"page","link":"https:\/\/maison-de-l-atlantique.fr\/index.php\/a-propos-de\/","title":{"rendered":"A propos de la maison"},"content":{"rendered":"\n<p><\/p>\n\n\n\n<p>0\ufe0f\u20e3AU REZ-DE-CHAUSSEE<\/p>\n\n\n\n<p>\u2600 La PIECE DE VIE \u2600<br>\u27142 Canap\u00e9s 3 places<br>\u2714Table \u00e0 manger avec chaises pour 6 personnes<br>\u2714TV HD 4K connect\u00e9e<br>\u2714Wifi<\/p>\n\n\n\n<p>\u2600 La CUISINE \u2600<br>\u2714R\u00e9frig\u00e9rateur &#8211; cong\u00e9lateur<br>\u2714Four<br>\u2714Four micro-ondes<br>\u2714Plaque de cuisson vitro-c\u00e9ramique<br>\u2714Lave-vaisselle<br>\u2714Cafeti\u00e8re \u00e0 filtres<br>\u2714Machine \u00e0 caf\u00e9 dosettes Sens\u00e9o<br>\u2714Bouilloire<br>\u2714Grille-pain<\/p>\n\n\n\n<p>\u2600 WC \u2600<\/p>\n\n\n\n<p>1\ufe0f\u20e3A L\u2019ETAGE<\/p>\n\n\n\n<p>\u2600 CHAMBRE \u00ab Les Gl\u00e9nan \u00bb pour 2 personnes \u2600<br>\u2714Literie neuve et de qualit\u00e9.<br>\u2714Chambre spacieuse de 20m\u00b2 avec lit double 160*200, placard et penderie.<br>\u2714Couette et oreillers<br>\u2714Parure de lit fournie et lit fait pour votre confort<\/p>\n\n\n\n<p>\u2600 CHAMBRE \u00ab Surf \u00e0 Dourveil \u00bb jusqu\u2019\u00e0 4 personnes \u2600<\/p>\n\n\n\n<p>\u2714Literie neuve et de qualit\u00e9.<br>\u2714Chambre spacieuse de 25m\u00b2 avec 2 lits double 140*190, commode.<br>\u2714Couette et oreillers<br>\u2714Parure de lit fournie et lit fait pour votre confort<\/p>\n\n\n\n<p>\u2600 SALLE DE BAIN ET WC s\u00e9par\u00e9s \u2600<br>\u2714Baignoire<br>\u2714Meuble simple vasque avec rangement<br>\u2714Miroir<br>\u2714S\u00e8che-cheveux<br>\u2714Draps de bain et serviettes fournies<\/p>\n\n\n\n<p>\u2600 TERRASSE et JARDIN \u2600<br>\u2714Salon de jardin pour 6 personnes<br>\u2714Grand barbecue \u00e0 charbon<br>\u2714Espace de stationnement pour 1 v\u00e9hicule<\/p>\n\n\n\n<p>\u2600 \u00c9QUIPEMENTS B\u00c9B\u00c9 &#8211; attention sur demande uniquement \u2600<br>\u2714Lit parapluie<br>\u2714Chaise haute<br>\u2714Matelas \u00e0 langer<\/p>\n\n\n\n<p>Nous avons h\u00e2te de vous faire partager notre petit coin de paradis !<\/p>\n","protected":false},"excerpt":{"rendered":"<p>0\ufe0f\u20e3AU REZ-DE-CHAUSSEE \u2600 La PIECE DE VIE \u2600\u27142 Canap\u00e9s 3 places\u2714Table \u00e0 manger avec chaises pour 6 personnes\u2714TV HD 4K connect\u00e9e\u2714Wifi \u2600 La CUISINE \u2600\u2714R\u00e9frig\u00e9rateur &#8211; cong\u00e9lateur\u2714Four\u2714Four micro-ondes\u2714Plaque de cuisson vitro-c\u00e9ramique\u2714Lave-vaisselle\u2714Cafeti\u00e8re \u00e0 filtres\u2714Machine \u00e0 caf\u00e9 dosettes Sens\u00e9o\u2714Bouilloire\u2714Grille-pain \u2600 WC \u2600 1\ufe0f\u20e3A L\u2019ETAGE \u2600 CHAMBRE \u00ab Les Gl\u00e9nan \u00bb pour 2 personnes \u2600\u2714Literie neuve et de &hellip; <\/p>\n<p class=\"link-more\"><a href=\"https:\/\/maison-de-l-atlantique.fr\/index.php\/a-propos-de\/\" class=\"more-link\">Continue reading<span class=\"screen-reader-text\"> &#8220;A propos de la maison&#8221;<\/span><\/a><\/p>\n","protected":false},"author":1,"featured_media":32,"parent":0,"menu_order":0,"comment_status":"closed","ping_status":"closed","template":"","meta":{"footnotes":""},"class_list":["post-9","page","type-page","status-publish","has-post-thumbnail","hentry"],"_links":{"self":[{"href":"https:\/\/maison-de-l-atlantique.fr\/index.php\/wp-json\/wp\/v2\/pages\/9","targetHints":{"allow":["GET"]}}],"collection":[{"href":"https:\/\/maison-de-l-atlantique.fr\/index.php\/wp-json\/wp\/v2\/pages"}],"about":[{"href":"https:\/\/maison-de-l-atlantique.fr\/index.php\/wp-json\/wp\/v2\/types\/page"}],"author":[{"embeddable":true,"href":"https:\/\/maison-de-l-atlantique.fr\/index.php\/wp-json\/wp\/v2\/users\/1"}],"replies":[{"embeddable":true,"href":"https:\/\/maison-de-l-atlantique.fr\/index.php\/wp-json\/wp\/v2\/comments?post=9"}],"version-history":[{"count":2,"href":"https:\/\/maison-de-l-atlantique.fr\/index.php\/wp-json\/wp\/v2\/pages\/9\/revisions"}],"predecessor-version":[{"id":56,"href":"https:\/\/maison-de-l-atlantique.fr\/index.php\/wp-json\/wp\/v2\/pages\/9\/revisions\/56"}],"wp:featuredmedia":[{"embeddable":true,"href":"https:\/\/maison-de-l-atlantique.fr\/index.php\/wp-json\/wp\/v2\/media\/32"}],"wp:attachment":[{"href":"https:\/\/maison-de-l-atlantique.fr\/index.php\/wp-json\/wp\/v2\/media?parent=9"}],"curies":[{"name":"wp","href":"https:\/\/api.w.org\/{rel}","templated":true}]}}